{"id":13478,"date":"2025-03-20T19:34:37","date_gmt":"2025-03-20T19:34:37","guid":{"rendered":"https:\/\/demtroys.com\/copie-des-conditions-generales-de-lamr\/"},"modified":"2025-03-20T19:46:45","modified_gmt":"2025-03-20T19:46:45","slug":"copie-des-conditions-generales-de-lamr","status":"publish","type":"page","link":"https:\/\/demtroys.com\/fr\/copie-des-conditions-generales-de-lamr\/","title":{"rendered":"Conditions d&rsquo;utilisation"},"content":{"rendered":"\t\t<div data-elementor-type=\"wp-page\" data-elementor-id=\"13478\" class=\"elementor elementor-13478 elementor-13477\" data-elementor-post-type=\"page\">\n\t\t\t\t\t\t<section class=\"elementor-section elementor-top-section elementor-element elementor-element-09974a5 elementor-section-full_width elementor-section-height-default elementor-section-height-default\" data-id=\"09974a5\" data-element_type=\"section\">\n\t\t\t\t\t\t<div class=\"elementor-container elementor-column-gap-no\">\n\t\t\t\t\t<div class=\"elementor-column elementor-col-100 elementor-top-column elementor-element elementor-element-265bc9d\" data-id=\"265bc9d\" data-element_type=\"column\">\n\t\t\t<div class=\"elementor-widget-wrap elementor-element-populated\">\n\t\t\t\t\t\t<div class=\"elementor-element elementor-element-dc73e04 elementor-widget elementor-widget-heading\" data-id=\"dc73e04\" data-element_type=\"widget\" data-widget_type=\"heading.default\">\n\t\t\t\t<div class=\"elementor-widget-container\">\n\t\t\t<style>\/*! elementor - v3.21.0 - 30-04-2024 *\/\n.elementor-heading-title{padding:0;margin:0;line-height:1}.elementor-widget-heading .elementor-heading-title[class*=elementor-size-]>a{color:inherit;font-size:inherit;line-height:inherit}.elementor-widget-heading .elementor-heading-title.elementor-size-small{font-size:15px}.elementor-widget-heading .elementor-heading-title.elementor-size-medium{font-size:19px}.elementor-widget-heading .elementor-heading-title.elementor-size-large{font-size:29px}.elementor-widget-heading .elementor-heading-title.elementor-size-xl{font-size:39px}.elementor-widget-heading .elementor-heading-title.elementor-size-xxl{font-size:59px}<\/style><h2 class=\"elementor-heading-title elementor-size-default\">Conditions g\u00e9n\u00e9rales d'utilisation de l'AMR<\/h2>\t\t<\/div>\n\t\t\t\t<\/div>\n\t\t\t\t<div class=\"elementor-element elementor-element-9408176 elementor-widget elementor-widget-text-editor\" data-id=\"9408176\" data-element_type=\"widget\" data-widget_type=\"text-editor.default\">\n\t\t\t\t<div class=\"elementor-widget-container\">\n\t\t\t<style>\/*! elementor - v3.21.0 - 30-04-2024 *\/\n.elementor-widget-text-editor.elementor-drop-cap-view-stacked .elementor-drop-cap{background-color:#69727d;color:#fff}.elementor-widget-text-editor.elementor-drop-cap-view-framed .elementor-drop-cap{color:#69727d;border:3px solid;background-color:transparent}.elementor-widget-text-editor:not(.elementor-drop-cap-view-default) .elementor-drop-cap{margin-top:8px}.elementor-widget-text-editor:not(.elementor-drop-cap-view-default) .elementor-drop-cap-letter{width:1em;height:1em}.elementor-widget-text-editor .elementor-drop-cap{float:left;text-align:center;line-height:1;font-size:50px}.elementor-widget-text-editor .elementor-drop-cap-letter{display:inline-block}<\/style>\t\t\t\t<p>Bienvenue dans la proc\u00e9dure d&rsquo;autorisation de retour de marchandise (RMA) de Demtroys Technology Inc. Les termes et conditions suivants d\u00e9crivent la proc\u00e9dure et les exigences pour soumettre une demande d&rsquo;autorisation de retour de marchandise (RMA) pour nos dispositifs de contr\u00f4le de chauffage et de refroidissement, tels que les thermostats, les relais et les cartes de contr\u00f4le. En initiant une demande d&rsquo;autorisation de retour de marchandise, vous acceptez d&rsquo;adh\u00e9rer \u00e0 ces termes et conditions.  <\/p>\n<h3 style=\"caret-color: #000000; color: #000000;\">1. Demande d&rsquo;autorisation de mise sur le march\u00e9 (RMA)<\/h3>\n<p><span style=\"background-color: #ffffff; font-family: 'DM Sans', sans-serif; font-size: 18px;\">Chaque appareil d\u00e9fectueux doit faire l&rsquo;objet d&rsquo;un formulaire de demande de RMA distinct. Il n&rsquo;est pas possible d&rsquo;inclure plusieurs appareils sur un m\u00eame formulaire. <\/span><\/p>\n<p><span style=\"background-color: #ffffff; font-family: 'DM Sans', sans-serif; font-size: 18px;\">Le formulaire RMA doit \u00eatre rempli de mani\u00e8re pr\u00e9cise et compl\u00e8te. Les demandes incompl\u00e8tes ou incorrectes peuvent entra\u00eener des retards ou le rejet de la demande d&rsquo;autorisation de mise sur le march\u00e9. <\/span><\/p>\n<p><span style=\"background-color: #ffffff; font-family: 'DM Sans', sans-serif; font-size: 18px;\">Une description compl\u00e8te du probl\u00e8me doit figurer dans le formulaire RMA afin de garantir un traitement rapide. Vous devez indiquer ce qui est observ\u00e9, ce qui ne fonctionne pas et ce qui a \u00e9t\u00e9 essay\u00e9 pour r\u00e9soudre le probl\u00e8me. <\/span><\/p>\n<p><span style=\"background-color: #ffffff; font-family: 'DM Sans', sans-serif; font-size: 18px;\">Le formulaire RMA est disponible sur notre site web ou aupr\u00e8s de notre service client\u00e8le.<\/span><\/p>\n<h3 style=\"caret-color: #000000; color: #000000;\">2. \u00c9ligibilit\u00e9 au RMA<\/h3>\n<p>Les produits peuvent faire l&rsquo;objet d&rsquo;un retour de marchandise pendant la p\u00e9riode de garantie sp\u00e9cifi\u00e9e au moment de l&rsquo;achat.<\/p>\n<p>Les appareils pr\u00e9sentant des dommages physiques, des modifications non autoris\u00e9es ou une mauvaise utilisation ne peuvent pas faire l&rsquo;objet d&rsquo;un RMA.<\/p>\n<p>Les clients peuvent pr\u00e9ciser dans le formulaire de soumission si le RMA est li\u00e9 \u00e0 la garantie ou non (r\u00e9paration \u00e0 leurs frais). Si un RMA est soumis dans le cadre de la garantie mais que l&rsquo;appareil n&rsquo;est plus couvert, il sera signal\u00e9. Le client sera contact\u00e9 pour obtenir l&rsquo;approbation de l&rsquo;estimation des frais de r\u00e9paration avant de poursuivre.  <\/p>\n<h3 style=\"caret-color: #000000; color: #000000;\">3. \u00c9valuation et approbation<\/h3>\n<p>D\u00e8s r\u00e9ception du formulaire RMA d\u00fbment rempli, notre \u00e9quipe technique \u00e9valuera la demande et confirmera son \u00e9ligibilit\u00e9.<\/p>\n<p>Les RMA approuv\u00e9s se verront attribuer un num\u00e9ro RMA unique, qui doit \u00eatre clairement mentionn\u00e9 sur toute la correspondance et les envois de retour.<\/p>\n<p>Les RMA non approuv\u00e9s ou les appareils envoy\u00e9s sans num\u00e9ro RMA seront renvoy\u00e9s \u00e0 l&rsquo;exp\u00e9diteur \u00e0 ses frais.<\/p>\n<h3 style=\"caret-color: #000000; color: #000000;\">4. Exp\u00e9dition et manutention<\/h3>\n<p>Les clients sont responsables de l&rsquo;envoi des appareils d\u00e9fectueux \u00e0 notre centre de service d\u00e9sign\u00e9, sauf indication contraire.<\/p>\n<p>Les appareils doivent \u00eatre emball\u00e9s de mani\u00e8re s\u00fbre afin d&rsquo;\u00e9viter tout dommage suppl\u00e9mentaire pendant le transport. Nous ne sommes pas responsables des dommages caus\u00e9s pendant le transport. <\/p>\n<p>Un emballage ad\u00e9quat est n\u00e9cessaire. Nous prenons des photos de l&#8217;emballage \u00e0 l&rsquo;arriv\u00e9e. S&rsquo;il est jug\u00e9 insuffisant, le RMA peut \u00eatre consid\u00e9r\u00e9 comme un dommage physique et la couverture de la garantie peut \u00eatre annul\u00e9e.  <\/p>\n<p>Les appareils susceptibles d&rsquo;avoir \u00e9t\u00e9 expos\u00e9s \u00e0 des parasites ou \u00e0 des insectes ne doivent pas \u00eatre envoy\u00e9s. Si de tels appareils sont envoy\u00e9s, ils seront mis au rebut d\u00e8s leur r\u00e9ception et les frais d&rsquo;exp\u00e9dition (si nous les avons pay\u00e9s) seront factur\u00e9s au client. <\/p>\n<p>Nous prenons en charge les frais d&rsquo;exp\u00e9dition pour les articles sous garantie. Pour les articles non couverts, les frais d&rsquo;exp\u00e9dition seront factur\u00e9s au client. <\/p>\n<h3 style=\"caret-color: #000000; color: #000000;\">5. R\u00e9paration ou remplacement<\/h3>\n<p>Une fois re\u00e7us, les appareils d\u00e9fectueux seront inspect\u00e9s et test\u00e9s pour confirmer le probl\u00e8me signal\u00e9.<\/p>\n<p>Les frais de r\u00e9paration sont susceptibles d&rsquo;\u00eatre modifi\u00e9s en fonction de l&rsquo;\u00e9valuation interne de l&rsquo;appareil.<\/p>\n<p>Pour les appareils couverts par la garantie, nous r\u00e9parerons ou remplacerons l&rsquo;appareil d\u00e9fectueux, \u00e0 notre discr\u00e9tion.<\/p>\n<p>Les appareils r\u00e9par\u00e9s ou remplac\u00e9s seront renvoy\u00e9s au client sans frais suppl\u00e9mentaires pendant la dur\u00e9e de la garantie.<\/p>\n<p>Nous vous retournerons toujours un appareil complet. Si l&rsquo;appareil est re\u00e7u avec des pi\u00e8ces manquantes et\/ou endommag\u00e9es (par exemple, le bo\u00eetier, l&rsquo;\u00e9cran), celles-ci seront remplac\u00e9es avant le retour de l&rsquo;appareil.  Les clients seront automatiquement factur\u00e9s pour les pi\u00e8ces remplac\u00e9es.<\/p>\n<h3 style=\"caret-color: #000000; color: #000000;\">6. \u00c9tapes du processus RMA<\/h3>\n<p>1. Examen de la demande d&rsquo;autorisation de mise sur le march\u00e9.<\/p>\n<p>2. Apr\u00e8s approbation, une \u00e9tiquette d&rsquo;exp\u00e9dition vous sera envoy\u00e9e. Tous les articles doivent \u00eatre envoy\u00e9s \u00e0 notre usine.<\/p>\n<p>3. R\u00e9ception du produit avec l&rsquo;\u00e9tiquetage RMA# appropri\u00e9.<\/p>\n<p>4. Inspection visuelle (emballage, pr\u00e9sence de parasites ou d&rsquo;insectes).<\/p>\n<p>5. Si le RMA entra\u00eene des frais, le client re\u00e7oit une estimation.<\/p>\n<p>6. Apr\u00e8s approbation du client, l&rsquo;appareil est enti\u00e8rement \u00e9valu\u00e9.<\/p>\n<p>7. Les r\u00e9sultats de l&rsquo;\u00e9valuation sont compl\u00e9t\u00e9s et le co\u00fbt final du RMA est communiqu\u00e9 au client.<\/p>\n<p>8. Apr\u00e8s approbation du client, l&rsquo;appareil est r\u00e9par\u00e9. S&rsquo;ils ne sont pas r\u00e9parables, les appareils sous garantie seront remplac\u00e9s par un appareil \u00e9quivalent.<\/p>\n<h3 style=\"caret-color: #000000; color: #000000;\">7. Limitations et exclusions<\/h3>\n<p>La proc\u00e9dure RMA s&rsquo;applique exclusivement aux appareils de r\u00e9gulation de chauffage et de refroidissement achet\u00e9s directement aupr\u00e8s de Demtroys Technology Inc. ou de distributeurs agr\u00e9\u00e9s.<\/p>\n<p>Nous nous r\u00e9servons le droit de refuser le service pour les appareils qui ne r\u00e9pondent pas aux crit\u00e8res d&rsquo;\u00e9ligibilit\u00e9 ou qui pr\u00e9sentent des probl\u00e8mes non li\u00e9s \u00e0 des d\u00e9fauts de fabrication.<\/p>\n<h3 style=\"caret-color: #000000; color: #000000;\">8. Responsabilit\u00e9s des clients<\/h3>\n<p>Fournissez des informations pr\u00e9cises et d\u00e9taill\u00e9es concernant le d\u00e9faut sur le formulaire RMA.<\/p>\n<p>Conservez le num\u00e9ro RMA original et toute la documentation associ\u00e9e pour r\u00e9f\u00e9rence.<\/p>\n<p>Suivez toutes les instructions fournies par notre \u00e9quipe de service \u00e0 la client\u00e8le afin de garantir un traitement sans heurts.<\/p>\n<h3 style=\"caret-color: #000000; color: #000000;\">9. Informations sur les contacts<\/h3>\n<p style=\"caret-color: #000000; color: #000000;\">Pour obtenir de l&rsquo;aide ou des informations sur la proc\u00e9dure RMA, veuillez nous contacter \u00e0 l&rsquo;adresse suivante : service@demtroys.com<\/p>\n<p style=\"caret-color: #000000; color: #000000;\">En soumettant une demande de RMA, vous reconnaissez et acceptez de vous conformer \u00e0 ces termes et conditions. Nous vous remercions de votre coop\u00e9ration pour nous aider \u00e0 r\u00e9soudre efficacement votre probl\u00e8me.<\/p>\t\t\t\t\t\t<\/div>\n\t\t\t\t<\/div>\n\t\t\t\t\t<\/div>\n\t\t<\/div>\n\t\t\t\t\t<\/div>\n\t\t<\/section>\n\t\t\t\t<\/div>\n\t\t","protected":false},"excerpt":{"rendered":"<p>Conditions g\u00e9n\u00e9rales d&rsquo;utilisation de l&rsquo;AMR Bienvenue dans la proc\u00e9dure d&rsquo;autorisation de retour de marchandise (RMA) de Demtroys Technology Inc. Les termes et conditions suivants d\u00e9crivent la proc\u00e9dure et les exigences pour soumettre une demande d&rsquo;autorisation de retour de marchandise (RMA) pour nos dispositifs de contr\u00f4le de chauffage et de refroidissement, tels que les thermostats, les [&hellip;]<\/p>\n","protected":false},"author":4,"featured_media":0,"parent":0,"menu_order":0,"comment_status":"closed","ping_status":"closed","template":"page-full-width.php","meta":{"_monsterinsights_skip_tracking":false,"_monsterinsights_sitenote_active":false,"_monsterinsights_sitenote_note":"","_monsterinsights_sitenote_category":0,"footnotes":""},"class_list":["post-13478","page","type-page","status-publish","hentry"],"yoast_head":"<!-- This site is optimized with the Yoast SEO plugin v23.2 - https:\/\/yoast.com\/wordpress\/plugins\/seo\/ -->\n<title>Conditions d&#039;utilisation - Demtroys<\/title>\n<meta name=\"robots\" content=\"index, follow, max-snippet:-1, max-image-preview:large, max-video-preview:-1\" \/>\n<link rel=\"canonical\" href=\"https:\/\/demtroys.com\/fr\/copie-des-conditions-generales-de-lamr\/\" \/>\n<meta property=\"og:locale\" content=\"fr_FR\" \/>\n<meta property=\"og:type\" content=\"article\" \/>\n<meta property=\"og:title\" content=\"Conditions d&#039;utilisation - Demtroys\" \/>\n<meta property=\"og:description\" content=\"Conditions g\u00e9n\u00e9rales d&rsquo;utilisation de l&rsquo;AMR Bienvenue dans la proc\u00e9dure d&rsquo;autorisation de retour de marchandise (RMA) de Demtroys Technology Inc. Les termes et conditions suivants d\u00e9crivent la proc\u00e9dure et les exigences pour soumettre une demande d&rsquo;autorisation de retour de marchandise (RMA) pour nos dispositifs de contr\u00f4le de chauffage et de refroidissement, tels que les thermostats, les [&hellip;]\" \/>\n<meta property=\"og:url\" content=\"https:\/\/demtroys.com\/fr\/copie-des-conditions-generales-de-lamr\/\" \/>\n<meta property=\"og:site_name\" content=\"Demtroys\" \/>\n<meta property=\"article:publisher\" content=\"https:\/\/www.facebook.com\/DemtroysT\" \/>\n<meta property=\"article:modified_time\" content=\"2025-03-20T19:46:45+00:00\" \/>\n<meta name=\"twitter:card\" content=\"summary_large_image\" \/>\n<meta name=\"twitter:label1\" content=\"Dur\u00e9e de lecture estim\u00e9e\" \/>\n\t<meta name=\"twitter:data1\" content=\"5 minutes\" \/>\n<script type=\"application\/ld+json\" class=\"yoast-schema-graph\">{\"@context\":\"https:\/\/schema.org\",\"@graph\":[{\"@type\":\"WebPage\",\"@id\":\"https:\/\/demtroys.com\/fr\/copie-des-conditions-generales-de-lamr\/\",\"url\":\"https:\/\/demtroys.com\/fr\/copie-des-conditions-generales-de-lamr\/\",\"name\":\"Conditions d'utilisation - Demtroys\",\"isPartOf\":{\"@id\":\"https:\/\/demtroys.com\/fr\/#website\"},\"datePublished\":\"2025-03-20T19:34:37+00:00\",\"dateModified\":\"2025-03-20T19:46:45+00:00\",\"breadcrumb\":{\"@id\":\"https:\/\/demtroys.com\/fr\/copie-des-conditions-generales-de-lamr\/#breadcrumb\"},\"inLanguage\":\"fr-FR\",\"potentialAction\":[{\"@type\":\"ReadAction\",\"target\":[\"https:\/\/demtroys.com\/fr\/copie-des-conditions-generales-de-lamr\/\"]}]},{\"@type\":\"BreadcrumbList\",\"@id\":\"https:\/\/demtroys.com\/fr\/copie-des-conditions-generales-de-lamr\/#breadcrumb\",\"itemListElement\":[{\"@type\":\"ListItem\",\"position\":1,\"name\":\"Home\",\"item\":\"https:\/\/demtroys.com\/fr\/\"},{\"@type\":\"ListItem\",\"position\":2,\"name\":\"Conditions d&#8217;utilisation\"}]},{\"@type\":\"WebSite\",\"@id\":\"https:\/\/demtroys.com\/fr\/#website\",\"url\":\"https:\/\/demtroys.com\/fr\/\",\"name\":\"Demtroys\",\"description\":\"Demtroys\",\"publisher\":{\"@id\":\"https:\/\/demtroys.com\/fr\/#organization\"},\"potentialAction\":[{\"@type\":\"SearchAction\",\"target\":{\"@type\":\"EntryPoint\",\"urlTemplate\":\"https:\/\/demtroys.com\/fr\/?s={search_term_string}\"},\"query-input\":\"required name=search_term_string\"}],\"inLanguage\":\"fr-FR\"},{\"@type\":\"Organization\",\"@id\":\"https:\/\/demtroys.com\/fr\/#organization\",\"name\":\"Demtroys\",\"url\":\"https:\/\/demtroys.com\/fr\/\",\"logo\":{\"@type\":\"ImageObject\",\"inLanguage\":\"fr-FR\",\"@id\":\"https:\/\/demtroys.com\/fr\/#\/schema\/logo\/image\/\",\"url\":\"https:\/\/demtroys.com\/wp-content\/uploads\/2024\/05\/LOGO_DEMTROYS_2021_ENG_RGB-sans-fond_750px.png\",\"contentUrl\":\"https:\/\/demtroys.com\/wp-content\/uploads\/2024\/05\/LOGO_DEMTROYS_2021_ENG_RGB-sans-fond_750px.png\",\"width\":750,\"height\":154,\"caption\":\"Demtroys\"},\"image\":{\"@id\":\"https:\/\/demtroys.com\/fr\/#\/schema\/logo\/image\/\"},\"sameAs\":[\"https:\/\/www.facebook.com\/DemtroysT\",\"https:\/\/www.linkedin.com\/company\/5398863\/admin\/\"]}]}<\/script>\n<!-- \/ Yoast SEO plugin. -->","yoast_head_json":{"title":"Conditions d'utilisation - Demtroys","robots":{"index":"index","follow":"follow","max-snippet":"max-snippet:-1","max-image-preview":"max-image-preview:large","max-video-preview":"max-video-preview:-1"},"canonical":"https:\/\/demtroys.com\/fr\/copie-des-conditions-generales-de-lamr\/","og_locale":"fr_FR","og_type":"article","og_title":"Conditions d'utilisation - Demtroys","og_description":"Conditions g\u00e9n\u00e9rales d&rsquo;utilisation de l&rsquo;AMR Bienvenue dans la proc\u00e9dure d&rsquo;autorisation de retour de marchandise (RMA) de Demtroys Technology Inc. Les termes et conditions suivants d\u00e9crivent la proc\u00e9dure et les exigences pour soumettre une demande d&rsquo;autorisation de retour de marchandise (RMA) pour nos dispositifs de contr\u00f4le de chauffage et de refroidissement, tels que les thermostats, les [&hellip;]","og_url":"https:\/\/demtroys.com\/fr\/copie-des-conditions-generales-de-lamr\/","og_site_name":"Demtroys","article_publisher":"https:\/\/www.facebook.com\/DemtroysT","article_modified_time":"2025-03-20T19:46:45+00:00","twitter_card":"summary_large_image","twitter_misc":{"Dur\u00e9e de lecture estim\u00e9e":"5 minutes"},"schema":{"@context":"https:\/\/schema.org","@graph":[{"@type":"WebPage","@id":"https:\/\/demtroys.com\/fr\/copie-des-conditions-generales-de-lamr\/","url":"https:\/\/demtroys.com\/fr\/copie-des-conditions-generales-de-lamr\/","name":"Conditions d'utilisation - Demtroys","isPartOf":{"@id":"https:\/\/demtroys.com\/fr\/#website"},"datePublished":"2025-03-20T19:34:37+00:00","dateModified":"2025-03-20T19:46:45+00:00","breadcrumb":{"@id":"https:\/\/demtroys.com\/fr\/copie-des-conditions-generales-de-lamr\/#breadcrumb"},"inLanguage":"fr-FR","potentialAction":[{"@type":"ReadAction","target":["https:\/\/demtroys.com\/fr\/copie-des-conditions-generales-de-lamr\/"]}]},{"@type":"BreadcrumbList","@id":"https:\/\/demtroys.com\/fr\/copie-des-conditions-generales-de-lamr\/#breadcrumb","itemListElement":[{"@type":"ListItem","position":1,"name":"Home","item":"https:\/\/demtroys.com\/fr\/"},{"@type":"ListItem","position":2,"name":"Conditions d&#8217;utilisation"}]},{"@type":"WebSite","@id":"https:\/\/demtroys.com\/fr\/#website","url":"https:\/\/demtroys.com\/fr\/","name":"Demtroys","description":"Demtroys","publisher":{"@id":"https:\/\/demtroys.com\/fr\/#organization"},"potentialAction":[{"@type":"SearchAction","target":{"@type":"EntryPoint","urlTemplate":"https:\/\/demtroys.com\/fr\/?s={search_term_string}"},"query-input":"required name=search_term_string"}],"inLanguage":"fr-FR"},{"@type":"Organization","@id":"https:\/\/demtroys.com\/fr\/#organization","name":"Demtroys","url":"https:\/\/demtroys.com\/fr\/","logo":{"@type":"ImageObject","inLanguage":"fr-FR","@id":"https:\/\/demtroys.com\/fr\/#\/schema\/logo\/image\/","url":"https:\/\/demtroys.com\/wp-content\/uploads\/2024\/05\/LOGO_DEMTROYS_2021_ENG_RGB-sans-fond_750px.png","contentUrl":"https:\/\/demtroys.com\/wp-content\/uploads\/2024\/05\/LOGO_DEMTROYS_2021_ENG_RGB-sans-fond_750px.png","width":750,"height":154,"caption":"Demtroys"},"image":{"@id":"https:\/\/demtroys.com\/fr\/#\/schema\/logo\/image\/"},"sameAs":["https:\/\/www.facebook.com\/DemtroysT","https:\/\/www.linkedin.com\/company\/5398863\/admin\/"]}]}},"_links":{"self":[{"href":"https:\/\/demtroys.com\/fr\/wp-json\/wp\/v2\/pages\/13478","targetHints":{"allow":["GET"]}}],"collection":[{"href":"https:\/\/demtroys.com\/fr\/wp-json\/wp\/v2\/pages"}],"about":[{"href":"https:\/\/demtroys.com\/fr\/wp-json\/wp\/v2\/types\/page"}],"author":[{"embeddable":true,"href":"https:\/\/demtroys.com\/fr\/wp-json\/wp\/v2\/users\/4"}],"replies":[{"embeddable":true,"href":"https:\/\/demtroys.com\/fr\/wp-json\/wp\/v2\/comments?post=13478"}],"version-history":[{"count":3,"href":"https:\/\/demtroys.com\/fr\/wp-json\/wp\/v2\/pages\/13478\/revisions"}],"predecessor-version":[{"id":13482,"href":"https:\/\/demtroys.com\/fr\/wp-json\/wp\/v2\/pages\/13478\/revisions\/13482"}],"wp:attachment":[{"href":"https:\/\/demtroys.com\/fr\/wp-json\/wp\/v2\/media?parent=13478"}],"curies":[{"name":"wp","href":"https:\/\/api.w.org\/{rel}","templated":true}]}}